{"id":113,"date":"2015-11-04T12:13:19","date_gmt":"2015-11-04T11:13:19","guid":{"rendered":"http:\/\/desarly.com\/?page_id=113"},"modified":"2024-03-03T21:28:08","modified_gmt":"2024-03-03T20:28:08","slug":"noelcestmagic","status":"publish","type":"page","link":"https:\/\/desarly.com\/index.php\/noelcestmagic\/","title":{"rendered":"Noel c&rsquo;est Magic"},"content":{"rendered":"<p>[vc_row][vc_column][vc_video link=\u00a0\u00bbhttps:\/\/youtu.be\/ZeCIMiqiupg?si=noOuK5yMcvEGC2Ck\u00a0\u00bb el_width=\u00a0\u00bb70&Prime; align=\u00a0\u00bbcenter\u00a0\u00bb][\/vc_column][\/vc_row][vc_row][vc_column][\/vc_column][\/vc_row][vc_row parallax=\u00a0\u00bb\u00a0\u00bb parallax_image=\u00a0\u00bb\u00a0\u00bb][vc_column][vc_single_image image=\u00a0\u00bb357&Prime; img_size=\u00a0\u00bbfull\u00a0\u00bb alignment=\u00a0\u00bbcenter\u00a0\u00bb][\/vc_column][\/vc_row][vc_row parallax=\u00a0\u00bb\u00a0\u00bb parallax_image=\u00a0\u00bb\u00a0\u00bb][vc_column css=\u00a0\u00bb.vc_custom_1448832382652{margin-left: 0px !important;padding-right: 0px !important;padding-left: 0px !important;}\u00a0\u00bb][vc_column_text]<\/p>\n<h4><span style=\"font-family: Arial;\">Voici une <b class=\"\">com\u00e9die musicale Jeune public <\/b>compl\u00e8tement adapt\u00e9e aux enfants et qui provoque pendant <b class=\"\">une heure<\/b> leur enthousiasme et leur participation. \u00a0Autour de <b class=\"\">7 tableaux<\/b> plus un <b class=\"\">final <\/b><b class=\"\">NOE<\/b>L, les p&rsquo;tits loups vont prendre part activement au d\u00e9roulement de ce <b class=\"\">spectacle festif <\/b>\u00e0 travers la magie, les histoires chant\u00e9es, les sketchs et les divers personnages : musicien-chanteur, acteur, et magicien (dont 3 peluches g\u00e9antes mises en sc\u00e8ne)<\/span><\/h4>\n<h4><span style=\"font-family: Arial;\">Les tableaux originaux de <span style=\"color: #ff0000;\"><b class=\"\">\u00ab\u00a0<\/b><b class=\"\">NOE<\/b><b class=\"\">L<\/b><b class=\"\"> <\/b><b class=\"\">c&rsquo;est MAGIC<\/b><\/span><b class=\"\"><span style=\"color: #ff0000;\">\u00ab\u00a0<\/span> <\/b>: les <span style=\"color: #3366ff;\"><b class=\"\">JOUETS<\/b><\/span>, le <span style=\"color: #ff0000;\"><b class=\"\">CIRQUE<\/b><\/span>, l&rsquo; <span style=\"color: #009900;\"><b class=\"\">ECOLOGIE<\/b><\/span>, la <span style=\"color: #cc33cc;\"><b class=\"\">PLUIE<\/b><\/span>, le <span style=\"color: #ff6600;\"><b class=\"\">QUIZDISNEY<\/b><\/span>, l&rsquo;<span style=\"color: #993300;\"><b class=\"\">APPRE<\/b><b class=\"\">N<\/b><b class=\"\">TI MAGICIEN<\/b><\/span>, la <span style=\"color: #3366ff;\"><b class=\"\">LUMIERE<\/b>.<\/span><\/span><\/h4>\n<p>[\/vc_column_text][vc_empty_space][\/vc_column][\/vc_row][vc_row parallax=\u00a0\u00bb\u00a0\u00bb parallax_image=\u00a0\u00bb\u00a0\u00bb][vc_column][vc_single_image image=\u00a0\u00bb142&Prime; img_size=\u00a0\u00bblarge\u00a0\u00bb alignment=\u00a0\u00bbcenter\u00a0\u00bb][\/vc_column][\/vc_row][vc_row][vc_column][vc_empty_space][\/vc_column][\/vc_row]<\/p>\n","protected":false},"excerpt":{"rendered":"<p>[vc_row][vc_column][vc_video link=\u00a0\u00bbhttps:\/\/youtu.be\/ZeCIMiqiupg?si=noOuK5yMcvEGC2Ck\u00a0\u00bb el_width=\u00a0\u00bb70&Prime; align=\u00a0\u00bbcenter\u00a0\u00bb][\/vc_column][\/vc_row][vc_row][vc_column][\/vc_column][\/vc_row][vc_row parallax=\u00a0\u00bb\u00a0\u00bb parallax_image=\u00a0\u00bb\u00a0\u00bb][vc_column][vc_single_image image=\u00a0\u00bb357&Prime; img_size=\u00a0\u00bbfull\u00a0\u00bb alignment=\u00a0\u00bbcenter\u00a0\u00bb][\/vc_column][\/vc_row][vc_row parallax=\u00a0\u00bb\u00a0\u00bb parallax_image=\u00a0\u00bb\u00a0\u00bb][vc_column css=\u00a0\u00bb.vc_custom_1448832382652{margin-left: 0px !important;padding-right: 0px !important;padding-left: 0px !important;}\u00a0\u00bb][vc_column_text] Voici une<\/p>\n","protected":false},"author":1,"featured_media":0,"parent":0,"menu_order":0,"comment_status":"closed","ping_status":"closed","template":"page_full.php","meta":[],"_links":{"self":[{"href":"https:\/\/desarly.com\/index.php\/wp-json\/wp\/v2\/pages\/113"}],"collection":[{"href":"https:\/\/desarly.com\/index.php\/wp-json\/wp\/v2\/pages"}],"about":[{"href":"https:\/\/desarly.com\/index.php\/wp-json\/wp\/v2\/types\/page"}],"author":[{"embeddable":true,"href":"https:\/\/desarly.com\/index.php\/wp-json\/wp\/v2\/users\/1"}],"replies":[{"embeddable":true,"href":"https:\/\/desarly.com\/index.php\/wp-json\/wp\/v2\/comments?post=113"}],"version-history":[{"count":17,"href":"https:\/\/desarly.com\/index.php\/wp-json\/wp\/v2\/pages\/113\/revisions"}],"predecessor-version":[{"id":454,"href":"https:\/\/desarly.com\/index.php\/wp-json\/wp\/v2\/pages\/113\/revisions\/454"}],"wp:attachment":[{"href":"https:\/\/desarly.com\/index.php\/wp-json\/wp\/v2\/media?parent=113"}],"curies":[{"name":"wp","href":"https:\/\/api.w.org\/{rel}","templated":true}]}}