{"id":12,"date":"2015-10-20T16:36:39","date_gmt":"2015-10-20T15:36:39","guid":{"rendered":"http:\/\/desarly.com\/?page_id=12"},"modified":"2025-11-24T17:09:37","modified_gmt":"2025-11-24T16:09:37","slug":"sensations","status":"publish","type":"page","link":"https:\/\/desarly.com\/index.php\/sensations\/","title":{"rendered":"SENSATIONS"},"content":{"rendered":"<p>[vc_row parallax=\u00a0\u00bb\u00a0\u00bb parallax_image=\u00a0\u00bb\u00a0\u00bb][vc_column width=\u00a0\u00bb1\/4&Prime;][vc_facebook][vc_images_carousel images=\u00a0\u00bb33,34&Prime; img_size=\u00a0\u00bbmedium\u00a0\u00bb][\/vc_column][vc_column width=\u00a0\u00bb3\/4&Prime;][vc_column_text css=\u00a0\u00bb.vc_custom_1516273665641{border-top-width: 3px !important;border-right-width: 3px !important;border-bottom-width: 3px !important;border-left-width: 3px !important;padding-top: 0px !important;padding-right: 0px !important;padding-left: 0px !important;border-left-color: #ffffff !important;border-right-color: #ffffff !important;border-top-color: #ffffff !important;border-bottom-color: #ffffff !important;}\u00a0\u00bb][vc_row][vc_column width=\u00a0\u00bb1\/1&Prime;][vc_column_text]<\/p>\n<h3 style=\"text-align: justify;\">Apr\u00e8s plusieurs ann\u00e9es de succ\u00e8s avec FASCINATIONS, voici SENSATIONS la nouvelle revue cabaret de Michel De Sarly. Venez retrouver MIKOS &amp; BIGOUDI, la reine des castings dans de nouvelles aventures burlesques au beau milieu d&rsquo;un ballet grandiose. De nouveaux tableaux color\u00e9s et sexy, et toujours le cancan endiabl\u00e9 dans la plus belle tradition des music-halls Parisiens. Retrouvez aussi la voix de Michel De Sarly et les moments inoubliables de la chanson internationale, le tout orchestr\u00e9\u00a0 par une mise en sc\u00e8ne originale et un support technique de qualit\u00e9. (1h45 de grand spectacle)<\/h3>\n<p><iframe loading=\"lazy\" title=\"SENSATIONS\" width=\"900\" height=\"506\" src=\"https:\/\/www.youtube.com\/embed\/videoseries?list=PLhwkyV6yejn2lnXYd92L8PsTbyxUmXuP1\" frameborder=\"0\" allow=\"accelerometer; autoplay; clipboard-write; encrypted-media; gyroscope; picture-in-picture; web-share\" referrerpolicy=\"strict-origin-when-cross-origin\" allowfullscreen><\/iframe>[\/vc_column_text][\/vc_column][\/vc_row][vc_row][vc_column][vc_empty_space][vc_gallery type=\u00a0\u00bbimage_grid\u00a0\u00bb images=\u00a0\u00bb475,476,478,479,480&Prime; img_size=\u00a0\u00bblarge\u00a0\u00bb][\/vc_column][\/vc_row]<\/p>\n","protected":false},"excerpt":{"rendered":"<p>[vc_row parallax=\u00a0\u00bb\u00a0\u00bb parallax_image=\u00a0\u00bb\u00a0\u00bb][vc_column width=\u00a0\u00bb1\/4&Prime;][vc_facebook][vc_images_carousel images=\u00a0\u00bb33,34&Prime; img_size=\u00a0\u00bbmedium\u00a0\u00bb][\/vc_column][vc_column width=\u00a0\u00bb3\/4&Prime;][vc_column_text css=\u00a0\u00bb.vc_custom_1516273665641{border-top-width: 3px !important;border-right-width: 3px !important;border-bottom-width: 3px !important;border-left-width: 3px !important;padding-top: 0px !important;padding-right: 0px !important;padding-left:<\/p>\n","protected":false},"author":1,"featured_media":0,"parent":0,"menu_order":0,"comment_status":"closed","ping_status":"closed","template":"page_full.php","meta":[],"_links":{"self":[{"href":"https:\/\/desarly.com\/index.php\/wp-json\/wp\/v2\/pages\/12"}],"collection":[{"href":"https:\/\/desarly.com\/index.php\/wp-json\/wp\/v2\/pages"}],"about":[{"href":"https:\/\/desarly.com\/index.php\/wp-json\/wp\/v2\/types\/page"}],"author":[{"embeddable":true,"href":"https:\/\/desarly.com\/index.php\/wp-json\/wp\/v2\/users\/1"}],"replies":[{"embeddable":true,"href":"https:\/\/desarly.com\/index.php\/wp-json\/wp\/v2\/comments?post=12"}],"version-history":[{"count":39,"href":"https:\/\/desarly.com\/index.php\/wp-json\/wp\/v2\/pages\/12\/revisions"}],"predecessor-version":[{"id":482,"href":"https:\/\/desarly.com\/index.php\/wp-json\/wp\/v2\/pages\/12\/revisions\/482"}],"wp:attachment":[{"href":"https:\/\/desarly.com\/index.php\/wp-json\/wp\/v2\/media?parent=12"}],"curies":[{"name":"wp","href":"https:\/\/api.w.org\/{rel}","templated":true}]}}