{"id":18,"date":"2015-10-20T16:37:18","date_gmt":"2015-10-20T15:37:18","guid":{"rendered":"http:\/\/desarly.com\/?page_id=18"},"modified":"2018-02-05T14:23:40","modified_gmt":"2018-02-05T13:23:40","slug":"tom-dinky","status":"publish","type":"page","link":"https:\/\/desarly.com\/index.php\/tom-dinky\/","title":{"rendered":"Les jouets de TOM DINKY"},"content":{"rendered":"<p>[vc_row][vc_column][vc_single_image image=\u00a0\u00bb340&Prime; img_size=\u00a0\u00bbfull\u00a0\u00bb alignment=\u00a0\u00bbcenter\u00a0\u00bb][\/vc_column][\/vc_row][vc_row parallax=\u00a0\u00bb\u00a0\u00bb parallax_image=\u00a0\u00bb\u00a0\u00bb][vc_column][vc_single_image image=\u00a0\u00bb355&Prime; img_size=\u00a0\u00bbfull\u00a0\u00bb][vc_empty_space][vc_column_text]<\/p>\n<h3>Tom a pris la rel\u00e8ve dans l&rsquo;atelier de la famille DINKY o\u00f9 l&rsquo;on fabrique des jouets de p\u00e8re en fils depuis bient\u00f4t trois si\u00e8cles. Une nuit, alors que l&rsquo;atelier est ferm\u00e9, Milo le robot s&rsquo;adresse \u00e0 la jolie poup\u00e9e automate Lina qui en fait est bien vivante. Une magie extraordinaire s&#8217;empare de l&rsquo;atelier de Tom, et les jouets prennent vie pour un sc\u00e9nario des plus exaltants. Mais que se passe t-il chez les DINKY ? \u00a0Les objets du pass\u00e9 cohabitent avec ceux du futur autour d&rsquo;une fable fascinante et originale dans ce monde o\u00f9 petits et grands se retrouvent toujours&#8230;<\/h3>\n<p>[\/vc_column_text][vc_empty_space][vc_video link=\u00a0\u00bbhttps:\/\/www.youtube.com\/watch?v=wwwQe0GJvuw\u00a0\u00bb][vc_column_text]<\/p>\n<h5>FORMULES :\u00a0Trio ou quintet (3 ou 5 artistes en sc\u00e8nes)<\/h5>\n<p>[\/vc_column_text][\/vc_column][\/vc_row][vc_row parallax=\u00a0\u00bb\u00a0\u00bb parallax_image=\u00a0\u00bb\u00a0\u00bb][vc_column][vc_empty_space height=\u00a0\u00bb60px\u00a0\u00bb][vc_masonry_media_grid arrows_design=\u00a0\u00bbnone\u00a0\u00bb arrows_position=\u00a0\u00bbinside\u00a0\u00bb arrows_color=\u00a0\u00bbblue\u00a0\u00bb paging_design=\u00a0\u00bbradio_dots\u00a0\u00bb paging_color=\u00a0\u00bbgrey\u00a0\u00bb loop=\u00a0\u00bb\u00a0\u00bb autoplay=\u00a0\u00bb-1&Prime; grid_id=\u00a0\u00bbvc_gid:1517836935541-ba56a784f9819800ed6b39bf8bb4be59-8&Prime; include=\u00a0\u00bb124,127,122&Prime;][\/vc_column][\/vc_row][vc_row][vc_column][\/vc_column][\/vc_row]<\/p>\n","protected":false},"excerpt":{"rendered":"<p>[vc_row][vc_column][vc_single_image image=\u00a0\u00bb340&Prime; img_size=\u00a0\u00bbfull\u00a0\u00bb alignment=\u00a0\u00bbcenter\u00a0\u00bb][\/vc_column][\/vc_row][vc_row parallax=\u00a0\u00bb\u00a0\u00bb parallax_image=\u00a0\u00bb\u00a0\u00bb][vc_column][vc_single_image image=\u00a0\u00bb355&Prime; img_size=\u00a0\u00bbfull\u00a0\u00bb][vc_empty_space][vc_column_text] Tom a pris la rel\u00e8ve dans l&rsquo;atelier de la famille DINKY o\u00f9<\/p>\n","protected":false},"author":1,"featured_media":0,"parent":0,"menu_order":0,"comment_status":"closed","ping_status":"closed","template":"page_full.php","meta":[],"_links":{"self":[{"href":"https:\/\/desarly.com\/index.php\/wp-json\/wp\/v2\/pages\/18"}],"collection":[{"href":"https:\/\/desarly.com\/index.php\/wp-json\/wp\/v2\/pages"}],"about":[{"href":"https:\/\/desarly.com\/index.php\/wp-json\/wp\/v2\/types\/page"}],"author":[{"embeddable":true,"href":"https:\/\/desarly.com\/index.php\/wp-json\/wp\/v2\/users\/1"}],"replies":[{"embeddable":true,"href":"https:\/\/desarly.com\/index.php\/wp-json\/wp\/v2\/comments?post=18"}],"version-history":[{"count":20,"href":"https:\/\/desarly.com\/index.php\/wp-json\/wp\/v2\/pages\/18\/revisions"}],"predecessor-version":[{"id":363,"href":"https:\/\/desarly.com\/index.php\/wp-json\/wp\/v2\/pages\/18\/revisions\/363"}],"wp:attachment":[{"href":"https:\/\/desarly.com\/index.php\/wp-json\/wp\/v2\/media?parent=18"}],"curies":[{"name":"wp","href":"https:\/\/api.w.org\/{rel}","templated":true}]}}