{"id":21,"date":"2015-10-20T16:37:47","date_gmt":"2015-10-20T15:37:47","guid":{"rendered":"http:\/\/desarly.com\/?page_id=21"},"modified":"2025-11-24T22:28:01","modified_gmt":"2025-11-24T21:28:01","slug":"one-man-show","status":"publish","type":"page","link":"https:\/\/desarly.com\/index.php\/one-man-show\/","title":{"rendered":"ONE MAN SHOW"},"content":{"rendered":"<p>[vc_row parallax=\u00a0\u00bb\u00a0\u00bb parallax_image=\u00a0\u00bb\u00a0\u00bb][vc_column][vc_column_text]<br \/>\n[\/vc_column_text][\/vc_column][\/vc_row][vc_row][vc_column width=\u00a0\u00bb1\/2&Prime;][vc_single_image image=\u00a0\u00bb162&Prime; img_size=\u00a0\u00bblarge\u00a0\u00bb alignment=\u00a0\u00bbcenter\u00a0\u00bb][\/vc_column][vc_column width=\u00a0\u00bb1\/2&Prime;][vc_column_text]<\/p>\n<h3 style=\"text-align: left;\">Bien plus qu&rsquo;un tour de chant, ce spectacle in\u00e9dit est l&rsquo;histoire de toute une vie dont chaque \u00e9tape est rythm\u00e9e par une chanson. Hommages aux grands chanteurs Fran\u00e7ais, compositions personnelles, arrangements originaux font de ce one man show un grand moment d&rsquo;\u00e9motion. Au programme \u00e0 travers l&rsquo;histoire cont\u00e9e de nos vies, les auteurs qui nous ont fait r\u00eaver :<br \/>\nBrel, Ferrat, B\u00e9caud, Lama, Aznavour, Brassens, Nougaro, Piaf, Gainsbour, Trenet, Salvador, Mouloudji, Jonasz, Reggiani&#8230;<\/h3>\n<h5 style=\"text-align: left;\">(spectacle d&rsquo;1h45 en solo ou en duo avec un pianiste)<\/h5>\n<p>[\/vc_column_text][vc_empty_space height=\u00a0\u00bb20px\u00a0\u00bb][vc_btn title=\u00a0\u00bbVisitez ma cha\u00eene Youtube\u00a0\u00bb color=\u00a0\u00bbdanger\u00a0\u00bb link=\u00a0\u00bburl:https%3A%2F%2Fwww.youtube.com%2Fchannel%2FUCyBLxzE3WH4YxZSEiCqt-PQ%2Ffeatured|title:Visitez%20ma%20cha%C3%AEne%20YouTube|target:%20_blank|\u00a0\u00bb custom_onclick=\u00a0\u00bbtrue\u00a0\u00bb][vc_video link=\u00a0\u00bbhttps:\/\/www.youtube.com\/watch?v=LqbQdd4xjk0&amp;feature=youtu.be\u00a0\u00bb][vc_column_text]<\/p>\n<p><iframe loading=\"lazy\" title=\"La Pluie \/ Claude Nougaro\" width=\"900\" height=\"506\" src=\"https:\/\/www.youtube.com\/embed\/Tvlb0ss4njI?feature=oembed\" frameborder=\"0\" allow=\"accelerometer; autoplay; clipboard-write; encrypted-media; gyroscope; picture-in-picture; web-share\" referrerpolicy=\"strict-origin-when-cross-origin\" allowfullscreen><\/iframe><\/p>\n<p>[\/vc_column_text][\/vc_column][\/vc_row][vc_row parallax=\u00a0\u00bb\u00a0\u00bb parallax_image=\u00a0\u00bb\u00a0\u00bb][vc_column][vc_column_text]<br \/>\n[\/vc_column_text][\/vc_column][\/vc_row]<\/p>\n","protected":false},"excerpt":{"rendered":"<p>[vc_row parallax=\u00a0\u00bb\u00a0\u00bb parallax_image=\u00a0\u00bb\u00a0\u00bb][vc_column][vc_column_text] [\/vc_column_text][\/vc_column][\/vc_row][vc_row][vc_column width=\u00a0\u00bb1\/2&Prime;][vc_single_image image=\u00a0\u00bb162&Prime; img_size=\u00a0\u00bblarge\u00a0\u00bb alignment=\u00a0\u00bbcenter\u00a0\u00bb][\/vc_column][vc_column width=\u00a0\u00bb1\/2&Prime;][vc_column_text] Bien plus qu&rsquo;un tour de chant, ce spectacle in\u00e9dit est l&rsquo;histoire<\/p>\n","protected":false},"author":1,"featured_media":0,"parent":0,"menu_order":0,"comment_status":"closed","ping_status":"closed","template":"page_full.php","meta":[],"_links":{"self":[{"href":"https:\/\/desarly.com\/index.php\/wp-json\/wp\/v2\/pages\/21"}],"collection":[{"href":"https:\/\/desarly.com\/index.php\/wp-json\/wp\/v2\/pages"}],"about":[{"href":"https:\/\/desarly.com\/index.php\/wp-json\/wp\/v2\/types\/page"}],"author":[{"embeddable":true,"href":"https:\/\/desarly.com\/index.php\/wp-json\/wp\/v2\/users\/1"}],"replies":[{"embeddable":true,"href":"https:\/\/desarly.com\/index.php\/wp-json\/wp\/v2\/comments?post=21"}],"version-history":[{"count":23,"href":"https:\/\/desarly.com\/index.php\/wp-json\/wp\/v2\/pages\/21\/revisions"}],"predecessor-version":[{"id":490,"href":"https:\/\/desarly.com\/index.php\/wp-json\/wp\/v2\/pages\/21\/revisions\/490"}],"wp:attachment":[{"href":"https:\/\/desarly.com\/index.php\/wp-json\/wp\/v2\/media?parent=21"}],"curies":[{"name":"wp","href":"https:\/\/api.w.org\/{rel}","templated":true}]}}