{"id":365,"date":"2018-02-05T14:33:58","date_gmt":"2018-02-05T13:33:58","guid":{"rendered":"http:\/\/desarly.com\/?page_id=365"},"modified":"2018-02-05T14:33:58","modified_gmt":"2018-02-05T13:33:58","slug":"mick-lenchanteur","status":"publish","type":"page","link":"https:\/\/desarly.com\/index.php\/mick-lenchanteur\/","title":{"rendered":"Mick L&rsquo;Enchanteur"},"content":{"rendered":"<p>[vc_row][vc_column][vc_single_image image=\u00a0\u00bb356&Prime; img_size=\u00a0\u00bbfull\u00a0\u00bb alignment=\u00a0\u00bbcenter\u00a0\u00bb][\/vc_column][\/vc_row][vc_row][vc_column][vc_empty_space][\/vc_column][\/vc_row][vc_row][vc_column][vc_column_text]<\/p>\n<h4><strong><span style=\"font-family: Arial;\">Voici une com\u00e9die musicale Jeune public compl\u00e8tement adapt\u00e9e aux enfants et qui provoque pendant une heure leur enthousiasme et leur participation. Autour de 8 tableaux originaux , les petits loups vont prendre part activement au d\u00e9roulement de ce spectacle festif \u00e0 travers la magie, les histoires chant\u00e9es, les sketchs et les divers personnages : musicien-chanteur, acteur, et magicien (dont 3 peluches g\u00e9antes mises en sc\u00e8ne)<\/span><\/strong><\/h4>\n<h4><strong>Les tableaux\u00a0 de <span style=\"color: #ff0000;\">\u00ab\u00a0MICK<\/span><span style=\"color: #ff0000;\">\u00ab\u00a0<\/span> : les <span style=\"color: #3366ff;\">JOUETS<\/span>, le <span style=\"color: #ff0000;\">CIRQUE<\/span>, l&rsquo; <span style=\"color: #009900;\">ECOLOGIE<\/span>, la <span style=\"color: #cc33cc;\">PLUIE<\/span>, le <span style=\"color: #ff6600;\">QUIZDISNEY<\/span>, l&rsquo;<span style=\"color: #993300;\">APPRENTI MAGICIEN<\/span>, le <span style=\"color: #006600;\">CHEVAL<\/span>, la <span style=\"color: #3366ff;\">LUMIERE.<\/span><\/strong><\/h4>\n<p>[\/vc_column_text][\/vc_column][\/vc_row]<\/p>\n","protected":false},"excerpt":{"rendered":"<p>[vc_row][vc_column][vc_single_image image=\u00a0\u00bb356&Prime; img_size=\u00a0\u00bbfull\u00a0\u00bb alignment=\u00a0\u00bbcenter\u00a0\u00bb][\/vc_column][\/vc_row][vc_row][vc_column][vc_empty_space][\/vc_column][\/vc_row][vc_row][vc_column][vc_column_text] Voici une com\u00e9die musicale Jeune public compl\u00e8tement adapt\u00e9e aux enfants et qui provoque pendant une heure<\/p>\n","protected":false},"author":1,"featured_media":0,"parent":0,"menu_order":0,"comment_status":"closed","ping_status":"closed","template":"page_full.php","meta":[],"_links":{"self":[{"href":"https:\/\/desarly.com\/index.php\/wp-json\/wp\/v2\/pages\/365"}],"collection":[{"href":"https:\/\/desarly.com\/index.php\/wp-json\/wp\/v2\/pages"}],"about":[{"href":"https:\/\/desarly.com\/index.php\/wp-json\/wp\/v2\/types\/page"}],"author":[{"embeddable":true,"href":"https:\/\/desarly.com\/index.php\/wp-json\/wp\/v2\/users\/1"}],"replies":[{"embeddable":true,"href":"https:\/\/desarly.com\/index.php\/wp-json\/wp\/v2\/comments?post=365"}],"version-history":[{"count":2,"href":"https:\/\/desarly.com\/index.php\/wp-json\/wp\/v2\/pages\/365\/revisions"}],"predecessor-version":[{"id":368,"href":"https:\/\/desarly.com\/index.php\/wp-json\/wp\/v2\/pages\/365\/revisions\/368"}],"wp:attachment":[{"href":"https:\/\/desarly.com\/index.php\/wp-json\/wp\/v2\/media?parent=365"}],"curies":[{"name":"wp","href":"https:\/\/api.w.org\/{rel}","templated":true}]}}