{"id":378,"date":"2019-06-01T10:11:32","date_gmt":"2019-06-01T09:11:32","guid":{"rendered":"http:\/\/desarly.com\/?page_id=378"},"modified":"2025-11-24T22:25:37","modified_gmt":"2025-11-24T21:25:37","slug":"album","status":"publish","type":"page","link":"https:\/\/desarly.com\/","title":{"rendered":"ALBUM"},"content":{"rendered":"<p>[vc_row][vc_column][vc_single_image image=\u00a0\u00bb383&Prime; img_size=\u00a0\u00bbfull\u00a0\u00bb css=\u00a0\u00bb.vc_custom_1559382319164{padding-bottom: 40px !important;}\u00a0\u00bb][\/vc_column][\/vc_row][vc_row][vc_column width=\u00a0\u00bb1\/6&Prime;][vc_single_image image=\u00a0\u00bb385&Prime;][\/vc_column][vc_column width=\u00a0\u00bb4\/6&Prime;][vc_column_text]<\/p>\n<h2>\u00c9mission Les Talents France Bleu Occitanie 23 mai 2019<\/h2>\n<p>[\/vc_column_text][vc_btn title=\u00a0\u00bbCliquez ci pour \u00e9couter\u00a0\u00bb style=\u00a0\u00bboutline\u00a0\u00bb color=\u00a0\u00bbdefault\u00a0\u00bb link=\u00a0\u00bburl:https%3A%2F%2Fpodcasts.apple.com%2Ffr%2Fpodcast%2Flartiste-michel-de-sarly%2Fid1279857551%3Fi%3D1000439159447|title:Podcast%20France%20bleu|target:%20_blank|\u00a0\u00bb][\/vc_column][vc_column width=\u00a0\u00bb1\/6&Prime;][vc_column_text]<\/p>\n<h2>Commandez l&rsquo;album<\/h2>\n<p>[\/vc_column_text][vc_btn title=\u00a0\u00bbici\u00a0\u00bb style=\u00a0\u00bboutline\u00a0\u00bb align=\u00a0\u00bbleft\u00a0\u00bb link=\u00a0\u00bburl:http%3A%2F%2Fdesarly.com%2Findex.php%2Fcontact%2F|title:CONTACT||\u00a0\u00bb][\/vc_column][\/vc_row][vc_row][vc_column width=\u00a0\u00bb1\/6&Prime;][vc_single_image image=\u00a0\u00bb402&Prime; css=\u00a0\u00bb.vc_custom_1559385740136{padding-top: 20px !important;}\u00a0\u00bb][\/vc_column][vc_column width=\u00a0\u00bb4\/6&Prime;][vc_column_text]<\/p>\n<h2>D\u00e9p\u00eache du Midi 21 d\u00e9cembre 2018<\/h2>\n<p>[\/vc_column_text][vc_btn title=\u00a0\u00bbCliquez ici pour voir\u00a0\u00bb style=\u00a0\u00bboutline\u00a0\u00bb color=\u00a0\u00bbdefault\u00a0\u00bb link=\u00a0\u00bburl:https%3A%2F%2Fwww.ladepeche.fr%2Farticle%2F2018%2F12%2F21%2F2928764-michel-sarly-ouvre-coeur-chante-voyages-interieurs.html|title:d%C3%A9p%C3%AAche%20du%20midi|target:%20_blank|\u00a0\u00bb][\/vc_column]<\/p>\n<p><iframe loading=\"lazy\" title=\"VOYAGES avec Laurent Coulondre au piano\" width=\"900\" height=\"506\" src=\"https:\/\/www.youtube.com\/embed\/v6WHfAiugt4?feature=oembed\" frameborder=\"0\" allow=\"accelerometer; autoplay; clipboard-write; encrypted-media; gyroscope; picture-in-picture; web-share\" referrerpolicy=\"strict-origin-when-cross-origin\" allowfullscreen><\/iframe><\/p>\n<p>[vc_column width=\u00a0\u00bb1\/6&Prime;][\/vc_column][\/vc_row][vc_row][vc_column][vc_masonry_media_grid grid_id=\u00a0\u00bbvc_gid:1559389232228-fb6abebcc8abcbb401db385655af41dd-9&Prime; include=\u00a0\u00bb413,410,414,409,406,408,407,397,403,392,396,400,399,404,393&Prime; css=\u00a0\u00bb.vc_custom_1559388246819{padding-top: 50px !important;}\u00a0\u00bb][\/vc_column][\/vc_row]<\/p>\n","protected":false},"excerpt":{"rendered":"<p>[vc_row][vc_column][vc_single_image image=\u00a0\u00bb383&Prime; img_size=\u00a0\u00bbfull\u00a0\u00bb css=\u00a0\u00bb.vc_custom_1559382319164{padding-bottom: 40px !important;}\u00a0\u00bb][\/vc_column][\/vc_row][vc_row][vc_column width=\u00a0\u00bb1\/6&Prime;][vc_single_image image=\u00a0\u00bb385&Prime;][\/vc_column][vc_column width=\u00a0\u00bb4\/6&Prime;][vc_column_text] \u00c9mission Les Talents France Bleu Occitanie 23 mai 2019 [\/vc_column_text][vc_btn title=\u00a0\u00bbCliquez<\/p>\n","protected":false},"author":1,"featured_media":0,"parent":0,"menu_order":0,"comment_status":"closed","ping_status":"closed","template":"page_full.php","meta":[],"_links":{"self":[{"href":"https:\/\/desarly.com\/index.php\/wp-json\/wp\/v2\/pages\/378"}],"collection":[{"href":"https:\/\/desarly.com\/index.php\/wp-json\/wp\/v2\/pages"}],"about":[{"href":"https:\/\/desarly.com\/index.php\/wp-json\/wp\/v2\/types\/page"}],"author":[{"embeddable":true,"href":"https:\/\/desarly.com\/index.php\/wp-json\/wp\/v2\/users\/1"}],"replies":[{"embeddable":true,"href":"https:\/\/desarly.com\/index.php\/wp-json\/wp\/v2\/comments?post=378"}],"version-history":[{"count":14,"href":"https:\/\/desarly.com\/index.php\/wp-json\/wp\/v2\/pages\/378\/revisions"}],"predecessor-version":[{"id":489,"href":"https:\/\/desarly.com\/index.php\/wp-json\/wp\/v2\/pages\/378\/revisions\/489"}],"wp:attachment":[{"href":"https:\/\/desarly.com\/index.php\/wp-json\/wp\/v2\/media?parent=378"}],"curies":[{"name":"wp","href":"https:\/\/api.w.org\/{rel}","templated":true}]}}